{"id":172,"date":"2022-09-09T17:28:59","date_gmt":"2022-09-09T15:28:59","guid":{"rendered":"https:\/\/www.beta.tdfrecords.com\/?page_id=172"},"modified":"2024-06-21T00:23:55","modified_gmt":"2024-06-20T22:23:55","slug":"soumettre-sa-demo","status":"publish","type":"page","link":"https:\/\/tdfrecords.smartdsp.pro\/en\/soumettre-sa-demo\/","title":{"rendered":"Submit Your Demo"},"content":{"rendered":"<p>[et_pb_section fb_built=\u00a0\u00bb1&Prime; custom_padding_last_edited=\u00a0\u00bboff|desktop\u00a0\u00bb admin_label=\u00a0\u00bbCall to Action\u00a0\u00bb _builder_version=\u00a0\u00bb4.17.4&Prime; _module_preset=\u00a0\u00bbdefault\u00a0\u00bb background_color=\u00a0\u00bb#000000&Prime; use_background_color_gradient=\u00a0\u00bbon\u00a0\u00bb background_color_gradient_stops=\u00a0\u00bb#000000 0%|rgba(0,0,0,0) 20%|rgba(0,0,0,0) 80%|#000000 100%\u00a0\u00bb background_color_gradient_overlays_image=\u00a0\u00bbon\u00a0\u00bb background_image=\u00a0\u00bbhttps:\/\/www.beta.tdfrecords.com\/wp-content\/uploads\/2022\/09\/streamer-79.png\u00a0\u00bb custom_padding=\u00a0\u00bb8vw||8vw||true|false\u00a0\u00bb custom_padding_tablet=\u00a0\u00bb30%||||false|false\u00a0\u00bb custom_padding_phone=\u00a0\u00bb30%||||false|false\u00a0\u00bb locked=\u00a0\u00bboff\u00a0\u00bb collapsed=\u00a0\u00bbon\u00a0\u00bb global_colors_info=\u00a0\u00bb{}\u00a0\u00bb][et_pb_row custom_padding_last_edited=\u00a0\u00bbon|desktop\u00a0\u00bb _builder_version=\u00a0\u00bb4.17.4&Prime; _module_preset=\u00a0\u00bbdefault\u00a0\u00bb background_color=\u00a0\u00bbrgba(255,255,255,0.08)\u00a0\u00bb overflow-x=\u00a0\u00bbvisible\u00a0\u00bb overflow-y=\u00a0\u00bbvisible\u00a0\u00bb custom_padding=\u00a0\u00bb80px|80px|80px|80px|true|true\u00a0\u00bb custom_padding_tablet=\u00a0\u00bb30px|30px|30px|30px|true|true\u00a0\u00bb custom_padding_phone=\u00a0\u00bb20px|20px|20px|20px|true|true\u00a0\u00bb border_radii=\u00a0\u00bbon|20px|20px|20px|20px\u00a0\u00bb box_shadow_style=\u00a0\u00bbpreset1&Prime; box_shadow_horizontal=\u00a0\u00bb-1px\u00a0\u00bb box_shadow_vertical=\u00a0\u00bb-1px\u00a0\u00bb box_shadow_blur=\u00a0\u00bb0px\u00a0\u00bb box_shadow_color=\u00a0\u00bbrgba(255,255,255,0.21)\u00a0\u00bb global_colors_info=\u00a0\u00bb{}\u00a0\u00bb][et_pb_column type=\u00a0\u00bb4_4&Prime; _builder_version=\u00a0\u00bb4.17.4&Prime; _module_preset=\u00a0\u00bbdefault\u00a0\u00bb custom_padding_tablet=\u00a0\u00bb||||false|false\u00a0\u00bb custom_padding_phone=\u00a0\u00bb||30px||false|false\u00a0\u00bb custom_padding_last_edited=\u00a0\u00bboff|phone\u00a0\u00bb global_colors_info=\u00a0\u00bb{}\u00a0\u00bb][et_pb_text _builder_version=\u00a0\u00bb4.18.0&Prime; _module_preset=\u00a0\u00bbe6504a1b-67eb-4b3d-b023-bcab277610b6&Prime; header_4_font=\u00a0\u00bbInter|700||on|||||\u00a0\u00bb header_4_text_color=\u00a0\u00bb#FFFFFF\u00a0\u00bb header_4_font_size=\u00a0\u00bb14px\u00a0\u00bb header_4_letter_spacing=\u00a0\u00bb0.4em\u00a0\u00bb header_4_line_height=\u00a0\u00bb1.5em\u00a0\u00bb text_orientation=\u00a0\u00bbcenter\u00a0\u00bb custom_margin=\u00a0\u00bb||0px||false|false\u00a0\u00bb global_colors_info=\u00a0\u00bb{}\u00a0\u00bb]<\/p>\n<h4>TDF RECORDS<\/h4>\n<p>[\/et_pb_text][et_pb_text _builder_version=\u00a0\u00bb4.18.0&Prime; _module_preset=\u00a0\u00bbb327cbe4-b1d5-4b66-ad37-40c8f2f061ba\u00a0\u00bb header_2_font=\u00a0\u00bbTrispace|700||on|||||\u00a0\u00bb header_2_text_color=\u00a0\u00bb#FFFFFF\u00a0\u00bb header_2_font_size=\u00a0\u00bb48px\u00a0\u00bb header_2_letter_spacing=\u00a0\u00bb0em\u00a0\u00bb header_2_line_height=\u00a0\u00bb1.2em\u00a0\u00bb text_orientation=\u00a0\u00bbcenter\u00a0\u00bb header_2_font_size_tablet=\u00a0\u00bb32px\u00a0\u00bb header_2_font_size_phone=\u00a0\u00bb20px\u00a0\u00bb header_2_font_size_last_edited=\u00a0\u00bbon|desktop\u00a0\u00bb header_2_text_shadow_style=\u00a0\u00bbpreset2&Prime; header_2_text_shadow_horizontal_length=\u00a0\u00bb0em\u00a0\u00bb header_2_text_shadow_vertical_length=\u00a0\u00bb4px\u00a0\u00bb header_2_text_shadow_blur_strength=\u00a0\u00bb0px\u00a0\u00bb header_2_text_shadow_color=\u00a0\u00bb#543bf5&Prime; global_colors_info=\u00a0\u00bb{}\u00a0\u00bb]<\/p>\n<h2>Soumettre sa demo<\/h2>\n<p>[\/et_pb_text][et_pb_text _builder_version=\u00a0\u00bb4.18.0&Prime; _module_preset=\u00a0\u00bb1f09816e-184e-4ce5-a4cf-b39c52c423ca\u00a0\u00bb text_font=\u00a0\u00bbOpen Sans|600|||||||\u00a0\u00bb text_text_color=\u00a0\u00bb#FFFFFF\u00a0\u00bb text_font_size=\u00a0\u00bb16px\u00a0\u00bb text_line_height=\u00a0\u00bb1.8em\u00a0\u00bb text_font_size_tablet=\u00a0\u00bb15px\u00a0\u00bb text_font_size_phone=\u00a0\u00bb14px\u00a0\u00bb text_font_size_last_edited=\u00a0\u00bbon|phone\u00a0\u00bb header_font_size_tablet=\u00a0\u00bb55px\u00a0\u00bb header_font_size_last_edited=\u00a0\u00bboff|desktop\u00a0\u00bb global_colors_info=\u00a0\u00bb{}\u00a0\u00bb]<\/p>\n<div>\n<div>\n<p>Envie de voir tes productions release sur TDF Records?<br \/>Envoi tes demos en suivant les \u00e9tapes ci-dessous :<\/p>\n<p>&nbsp;<\/p>\n<p><strong>1.<\/strong> Dans un nouveau dossier, ajoute les Preview(s) ou Track(s) en format .wav<br \/><em><a href=\"https:\/\/smartdsp.pro\/faq\/\" target=\"_blank\" rel=\"noopener\">Comment exporter mes mixs ou masters?<\/a><\/em><\/p>\n<p><strong>2.<\/strong> Ajoute un petit texte expliquant tes motivations \u00e0 vouloir sortir ta musique sur notre label incluant \u00e9galement tes liens promos (Facebook, Soundcloud, Mixcloud&#8230;)<\/p>\n<p><strong>3.<\/strong> Compresse le dossier en .zip et envoi le sur WeTransfer en mode lien, inclut le lien wetransfer dans ton message en utilisant notre <a href=\"http:\/\/dev.tdfrecords.com\/contact\">formulaire de contact<\/a>.\u00a0<\/p>\n<p><strong><\/strong><\/p>\n<p><strong><\/strong><\/p>\n<p><strong>Merci de noter que toutes les pistes audio re\u00e7ues ne sont qu&rsquo;\u00e9cout\u00e9e par le staff du label.<\/strong><\/p>\n<p><strong>Aucune modification ni usage commercial n&rsquo;en est fait, et ce en aucun cas.<\/strong><\/p>\n<\/div>\n<\/div>\n<p>[\/et_pb_text][et_pb_button button_url=\u00a0\u00bbhttp:\/\/dev.tdfrecords.com\/contact\u00a0\u00bb url_new_window=\u00a0\u00bbon\u00a0\u00bb button_text=\u00a0\u00bbFormulaire de contact\u00a0\u00bb button_alignment=\u00a0\u00bbcenter\u00a0\u00bb button_alignment_tablet=\u00a0\u00bbcenter\u00a0\u00bb button_alignment_phone=\u00a0\u00bbcenter\u00a0\u00bb button_alignment_last_edited=\u00a0\u00bbon|desktop\u00a0\u00bb _builder_version=\u00a0\u00bb4.18.0&Prime; _module_preset=\u00a0\u00bbdefault\u00a0\u00bb custom_button=\u00a0\u00bbon\u00a0\u00bb button_text_size=\u00a0\u00bb24px\u00a0\u00bb button_text_color=\u00a0\u00bb#ffffff\u00a0\u00bb button_bg_color=\u00a0\u00bb#000000&Prime; button_bg_use_color_gradient=\u00a0\u00bbon\u00a0\u00bb button_bg_color_gradient_direction=\u00a0\u00bb216deg\u00a0\u00bb button_bg_color_gradient_stops=\u00a0\u00bb#000000 0%|#232856 100%\u00a0\u00bb button_bg_color_gradient_start=\u00a0\u00bb#000000&Prime; button_bg_color_gradient_end=\u00a0\u00bb#232856&Prime; button_border_width=\u00a0\u00bb0px\u00a0\u00bb button_border_color=\u00a0\u00bb#07679a\u00a0\u00bb button_border_radius=\u00a0\u00bb30px\u00a0\u00bb button_font=\u00a0\u00bbHind Siliguri|||||on|||\u00a0\u00bb button_use_icon=\u00a0\u00bboff\u00a0\u00bb custom_margin=\u00a0\u00bb2vw||||false|false\u00a0\u00bb box_shadow_style=\u00a0\u00bbpreset2&Prime; global_colors_info=\u00a0\u00bb{}\u00a0\u00bb button_border_width__hover_enabled=\u00a0\u00bboff|desktop\u00a0\u00bb button_bg_color__hover_enabled=\u00a0\u00bbon|hover\u00a0\u00bb button_bg_color_gradient_stops__hover=\u00a0\u00bbrgba(0,0,0,0.8) 0%|rgba(34, 50, 97, 0.79) 51%|rgba(62,81,178,0.78) 98%\u00a0\u00bb button_bg_use_color_gradient__hover=\u00a0\u00bbon\u00a0\u00bb button_bg_color__hover=\u00a0\u00bb#000000&Prime;][\/et_pb_button][\/et_pb_column][\/et_pb_row][\/et_pb_section]<\/p>\n","protected":false},"excerpt":{"rendered":"<p>TDF RECORDSSoumettre sa demo Envie de voir tes productions release sur TDF Records?Envoi tes demos en suivant les \u00e9tapes ci-dessous : &nbsp; 1. Dans un nouveau dossier, ajoute les Preview(s) ou Track(s) en format .wavComment exporter mes mixs ou masters? 2. Ajoute un petit texte expliquant tes motivations \u00e0 vouloir sortir ta musique sur notre [&hellip;]<\/p>\n","protected":false},"author":2,"featured_media":0,"parent":0,"menu_order":0,"comment_status":"closed","ping_status":"closed","template":"","meta":{"_et_pb_use_builder":"on","_et_pb_old_content":"","_et_gb_content_width":"","footnotes":""},"class_list":["post-172","page","type-page","status-publish","hentry"],"_links":{"self":[{"href":"https:\/\/tdfrecords.smartdsp.pro\/en\/wp-json\/wp\/v2\/pages\/172","targetHints":{"allow":["GET"]}}],"collection":[{"href":"https:\/\/tdfrecords.smartdsp.pro\/en\/wp-json\/wp\/v2\/pages"}],"about":[{"href":"https:\/\/tdfrecords.smartdsp.pro\/en\/wp-json\/wp\/v2\/types\/page"}],"author":[{"embeddable":true,"href":"https:\/\/tdfrecords.smartdsp.pro\/en\/wp-json\/wp\/v2\/users\/2"}],"replies":[{"embeddable":true,"href":"https:\/\/tdfrecords.smartdsp.pro\/en\/wp-json\/wp\/v2\/comments?post=172"}],"version-history":[{"count":7,"href":"https:\/\/tdfrecords.smartdsp.pro\/en\/wp-json\/wp\/v2\/pages\/172\/revisions"}],"predecessor-version":[{"id":531,"href":"https:\/\/tdfrecords.smartdsp.pro\/en\/wp-json\/wp\/v2\/pages\/172\/revisions\/531"}],"wp:attachment":[{"href":"https:\/\/tdfrecords.smartdsp.pro\/en\/wp-json\/wp\/v2\/media?parent=172"}],"curies":[{"name":"wp","href":"https:\/\/api.w.org\/{rel}","templated":true}]}}